{"id":1715,"date":"2016-10-20T09:14:09","date_gmt":"2016-10-20T09:14:09","guid":{"rendered":"http:\/\/localhost\/factoryplus\/home-copy\/"},"modified":"2024-08-10T21:52:45","modified_gmt":"2024-08-10T21:52:45","slug":"home-page-1","status":"publish","type":"page","link":"https:\/\/www.vitko.com.tr\/","title":{"rendered":"Ana Sayfa"},"content":{"rendered":"<div class=\"wpb-content-wrapper\"><p>[vc_row full_width=&#8221;stretch_row_content_no_spaces&#8221;][vc_column][rev_slider_vc alias=&#8221;slider_homepage_1&#8243;][\/vc_column][\/vc_row][vc_row css=&#8221;.vc_custom_1476178806051{padding-top: 80px !important;padding-bottom: 45px !important;}&#8221;][vc_column width=&#8221;1\/3&#8243; css=&#8221;.vc_custom_1476178799882{margin-bottom: 30px !important;}&#8221;]<div class=\"fp-section-title clearfix  \">\n                <h2>Hizmetlerimiz.<\/h2>\n                \n            <\/div>[vc_column_text css=&#8221;.vc_custom_1722636369684{margin-top: -10px !important;margin-bottom: 35px !important;}&#8221;]Web sitemizde sundu\u011fumuz \u00fcr\u00fcnlerin detayl\u0131 bilgilerini bulabilir ve ihtiyac\u0131n\u0131za uygun \u00e7\u00f6z\u00fcmleri kolayca ke\u015ffedebilirsiniz. \u00dcr\u00fcnlerimiz hakk\u0131nda daha fazla bilgi almak ve size \u00f6zel teklifler i\u00e7in ana sayfam\u0131zdaki \u00fcr\u00fcn listemizi ziyaret edin.<\/p>\n<p>Sorular\u0131n\u0131z veya \u00f6zel talepleriniz i\u00e7in bizimle ileti\u015fime ge\u00e7mekten \u00e7ekinmeyin. Size yard\u0131mc\u0131 olmaktan memnuniyet duyar\u0131z.[\/vc_column_text][vc_btn title=&#8221;T\u00fcm hizmetlere git&#8221; style=&#8221;custom&#8221; custom_background=&#8221;#1310e5&#8243; custom_text=&#8221;#ffffff&#8221; shape=&#8221;square&#8221; align=&#8221;left&#8221; css=&#8221;.vc_custom_1722636426874{margin-bottom: 0px !important;}&#8221; link=&#8221;url:https%3A%2F%2Fwww.vitko.com.tr%2Findex.php%2Fservice%2Fasansor-lastikleri%2F|title:.&#8221; el_class=&#8221;fp-button&#8221;][\/vc_column][vc_column width=&#8221;2\/3&#8243; el_class=&#8221;top-spacing&#8221;]<div class=\"fp-service  style-1\">\n                <div class=\"row service-list\"><div class=\"col-md-6 col-6 col-sm-6 col-xs-6 item-service \">\n\t\t\t\t\t<div class=\"entry-thumbnail\">\n\t\t\t\t\t\t<div class=\"overlay\" style=\"background-color:rgba(17,96,244,0.9)\"><\/div>\n\t\t\t\t\t\t<a href=\"https:\/\/www.vitko.com.tr\/index.php\/service\/trafo-nuve-kapaklari\/\"><\/a>\n\t\t\t\t\t\t<img loading=\"lazy\" decoding=\"async\" width=\"370\" height=\"150\" src=\"https:\/\/www.vitko.com.tr\/wp-content\/uploads\/2024\/08\/73-73-2-370x150.jpg\" class=\"attachment-factoryplus-service-grid-thumb size-factoryplus-service-grid-thumb wp-post-image\" alt=\"\" \/><i class=\"factory-link\"><\/i><span><\/span>\n\t\t\t\t\t<\/div>\n\t\t\t\t\t<h2 class=\"entry-title\"><a href=\"https:\/\/www.vitko.com.tr\/index.php\/service\/trafo-nuve-kapaklari\/\">TRAFO N\u00dcVE KAPAKLARI<\/a><\/h2>\n\t\t\t\t\t<p><\/p>\n\t\t\t\t\t<a href=\"https:\/\/www.vitko.com.tr\/index.php\/service\/trafo-nuve-kapaklari\/\" class=\"fp-btn-2nd readmore\">Read More<\/a>\n\t\t\t\t<\/div><div class=\"col-md-6 col-6 col-sm-6 col-xs-6 item-service \">\n\t\t\t\t\t<div class=\"entry-thumbnail\">\n\t\t\t\t\t\t<div class=\"overlay\" style=\"background-color:rgba(17,96,244,0.9)\"><\/div>\n\t\t\t\t\t\t<a href=\"https:\/\/www.vitko.com.tr\/index.php\/service\/titresim-takozlari\/\"><\/a>\n\t\t\t\t\t\t<img loading=\"lazy\" decoding=\"async\" width=\"370\" height=\"150\" src=\"https:\/\/www.vitko.com.tr\/wp-content\/uploads\/2024\/08\/96-96-2-370x150.jpg\" class=\"attachment-factoryplus-service-grid-thumb size-factoryplus-service-grid-thumb wp-post-image\" alt=\"\" \/><i class=\"factory-link\"><\/i><span><\/span>\n\t\t\t\t\t<\/div>\n\t\t\t\t\t<h2 class=\"entry-title\"><a href=\"https:\/\/www.vitko.com.tr\/index.php\/service\/titresim-takozlari\/\">TITRE\u015eIM TAKOZLARI<\/a><\/h2>\n\t\t\t\t\t<p><\/p>\n\t\t\t\t\t<a href=\"https:\/\/www.vitko.com.tr\/index.php\/service\/titresim-takozlari\/\" class=\"fp-btn-2nd readmore\">Read More<\/a>\n\t\t\t\t<\/div><div class=\"col-md-6 col-6 col-sm-6 col-xs-6 item-service \">\n\t\t\t\t\t<div class=\"entry-thumbnail\">\n\t\t\t\t\t\t<div class=\"overlay\" style=\"background-color:rgba(17,96,244,0.9)\"><\/div>\n\t\t\t\t\t\t<a href=\"https:\/\/www.vitko.com.tr\/index.php\/service\/silecekler\/\"><\/a>\n\t\t\t\t\t\t<img loading=\"lazy\" decoding=\"async\" width=\"370\" height=\"150\" src=\"https:\/\/www.vitko.com.tr\/wp-content\/uploads\/2024\/08\/silecek-1-370x150.jpg\" class=\"attachment-factoryplus-service-grid-thumb size-factoryplus-service-grid-thumb wp-post-image\" alt=\"\" srcset=\"https:\/\/www.vitko.com.tr\/wp-content\/uploads\/2024\/08\/silecek-1-370x150.jpg 370w, https:\/\/www.vitko.com.tr\/wp-content\/uploads\/2024\/08\/silecek-1-740x300.jpg 740w\" sizes=\"(max-width: 370px) 100vw, 370px\" \/><i class=\"factory-link\"><\/i><span><\/span>\n\t\t\t\t\t<\/div>\n\t\t\t\t\t<h2 class=\"entry-title\"><a href=\"https:\/\/www.vitko.com.tr\/index.php\/service\/silecekler\/\">SILECEKLER<\/a><\/h2>\n\t\t\t\t\t<p><\/p>\n\t\t\t\t\t<a href=\"https:\/\/www.vitko.com.tr\/index.php\/service\/silecekler\/\" class=\"fp-btn-2nd readmore\">Read More<\/a>\n\t\t\t\t<\/div><div class=\"col-md-6 col-6 col-sm-6 col-xs-6 item-service \">\n\t\t\t\t\t<div class=\"entry-thumbnail\">\n\t\t\t\t\t\t<div class=\"overlay\" style=\"background-color:rgba(17,96,244,0.9)\"><\/div>\n\t\t\t\t\t\t<a href=\"https:\/\/www.vitko.com.tr\/index.php\/service\/park-bahce-urunleri\/\"><\/a>\n\t\t\t\t\t\t<img loading=\"lazy\" decoding=\"async\" width=\"370\" height=\"150\" src=\"https:\/\/www.vitko.com.tr\/wp-content\/uploads\/2024\/08\/Park-malzemeleri-salincak-370x150.png\" class=\"attachment-factoryplus-service-grid-thumb size-factoryplus-service-grid-thumb wp-post-image\" alt=\"\" srcset=\"https:\/\/www.vitko.com.tr\/wp-content\/uploads\/2024\/08\/Park-malzemeleri-salincak-370x150.png 370w, https:\/\/www.vitko.com.tr\/wp-content\/uploads\/2024\/08\/Park-malzemeleri-salincak-740x300.png 740w\" sizes=\"(max-width: 370px) 100vw, 370px\" \/><i class=\"factory-link\"><\/i><span><\/span>\n\t\t\t\t\t<\/div>\n\t\t\t\t\t<h2 class=\"entry-title\"><a href=\"https:\/\/www.vitko.com.tr\/index.php\/service\/park-bahce-urunleri\/\">PARK BAH\u00c7E \u00dcR\u00dcNLERI<\/a><\/h2>\n\t\t\t\t\t<p><\/p>\n\t\t\t\t\t<a href=\"https:\/\/www.vitko.com.tr\/index.php\/service\/park-bahce-urunleri\/\" class=\"fp-btn-2nd readmore\">Read More<\/a>\n\t\t\t\t<\/div><\/div>\n            <\/div>[\/vc_column][\/vc_row][vc_row enable_parallax=&#8221;yes&#8221; parallax=&#8221;content-moving&#8221; css=&#8221;.vc_custom_1580712532101{padding-top: 90px !important;padding-bottom: 90px !important;background-image: url(http:\/\/demo2.steelthemes.com\/factoryplus\/wp-content\/uploads\/sites\/4\/2020\/02\/dark-parallax.jpg?id=2742) !important;}&#8221;][vc_column][vc_column_text css=&#8221;.vc_custom_1722637188497{border-top-width: 3px !important;border-right-width: 3px !important;border-bottom-width: 3px !important;border-left-width: 3px !important;padding-top: 25px !important;padding-right: 135px !important;padding-bottom: 25px !important;padding-left: 135px !important;border-left-style: solid !important;border-right-style: solid !important;border-top-style: solid !important;border-bottom-style: solid !important;border-color: rgba(255,255,255,0.06) !important;}&#8221; el_class=&#8221;el-padding&#8221;]<\/p>\n<p class=\"main-color\" style=\"text-align: center; font-size: 32px; font-family: 'Montserrat', sans-serif;\"><strong>S\u00fcrekli kendimizi geli\u015ftirerek ihtiya\u00e7lar\u0131n\u0131za en iyi \u015fekilde yan\u0131t veriyoruz. Destek ve g\u00fcveniniz i\u00e7in te\u015fekk\u00fcr ederiz.<\/strong><\/p>\n<p>[\/vc_column_text][\/vc_column][\/vc_row][vc_row css=&#8221;.vc_custom_1478137534110{padding-top: 75px !important;padding-bottom: 50px !important;}&#8221;][vc_column]<div class=\"fp-section-title clearfix  \">\n                <h2>Neden Bizi Se\u00e7melisiniz?<\/h2>\n                \n            <\/div>[vc_row_inner css=&#8221;.vc_custom_1476153720458{margin-bottom: 30px !important;}&#8221;][vc_column_inner offset=&#8221;vc_col-md-4&#8243;]<div class=\"fp-icon-box icon-center dark-version \">\n\t\t\t\t <span class=\"fp-icon\"><i class=\"fa fa-industry\"><\/i><\/span>\n                 <h4>Deneyimli Kadro<\/h4>\n                <div class=\"sub-title\"><\/div>\n                <div class=\"desc\"><p>Uzman ve deneyimli ekibimiz, sekt\u00f6rdeki en iyi uygulamalar\u0131 benimseyerek y\u00fcksek kalite standartlar\u0131n\u0131 sa\u011flamak i\u00e7in s\u00fcrekli e\u011fitim al\u0131r.<\/p>\n<\/div>\n            <\/div><div class=\"fp-icon-box icon-center dark-version \">\n\t\t\t\t <span class=\"fp-icon\"><i class=\"fa fa-shield\"><\/i><\/span>\n                 <h4>M\u00fc\u015fteri Memnuniyeti<\/h4>\n                <div class=\"sub-title\"><\/div>\n                <div class=\"desc\"><p>M\u00fc\u015fteri memnuniyetini \u00f6n planda tutar\u0131z. Geri bildirimleriniz bizim i\u00e7in de\u011ferli olup, s\u00fcrekli olarak hizmetlerimizi geli\u015ftirmeye y\u00f6nelik \u00e7al\u0131\u015f\u0131r\u0131z.<\/p>\n<\/div>\n            <\/div>[\/vc_column_inner][vc_column_inner offset=&#8221;vc_col-md-4&#8243;]<div class=\"fp-icon-box icon-center dark-version \">\n\t\t\t\t <span class=\"fp-icon\"><i class=\"fa fa-star\"><\/i><\/span>\n                 <h4>\u015eeffaf \u0130\u015fleyi\u015f<\/h4>\n                <div class=\"sub-title\"><\/div>\n                <div class=\"desc\"><p>\u0130\u015f s\u00fcre\u00e7lerimiz tamamen \u015feffaft\u0131r; her ad\u0131m\u0131 a\u00e7\u0131k bir \u015fekilde belgelendirir ve m\u00fc\u015fterilerimize d\u00fczenli raporlar sunar\u0131z.<\/p>\n<\/div>\n            <\/div><div class=\"fp-icon-box icon-center dark-version \">\n\t\t\t\t <span class=\"fp-icon\"><i class=\"fa fa-cog\"><\/i><\/span>\n                 <h4>Sertifikal\u0131 \u0130\u015f Ortaklar\u0131<\/h4>\n                <div class=\"sub-title\"><\/div>\n                <div class=\"desc\"><p>\u00c7al\u0131\u015ft\u0131\u011f\u0131m\u0131z t\u00fcm firmalar, sekt\u00f6r standartlar\u0131na uygun sertifikalara sahiptir. Bu sayede, yaln\u0131zca g\u00fcvenilir ve kaliteli \u00fcr\u00fcnler sunuyoruz.<\/p>\n<\/div>\n            <\/div>[\/vc_column_inner][vc_column_inner offset=&#8221;vc_col-md-4&#8243;]<div class=\"fp-icon-box icon-center dark-version \">\n\t\t\t\t <span class=\"fp-icon\"><i class=\"fa fa-certificate\"><\/i><\/span>\n                 <h4>Kalite Kontrol<\/h4>\n                <div class=\"sub-title\"><\/div>\n                <div class=\"desc\"><p>T\u00fcm projelerimiz, s\u0131k\u0131 kalite kontrol prosed\u00fcrlerine tabi tutulur. Her a\u015famada detayl\u0131 denetim ve testler ger\u00e7ekle\u015ftiririz.<\/p>\n<\/div>\n            <\/div><div class=\"fp-icon-box icon-center dark-version \">\n\t\t\t\t <span class=\"fp-icon\"><i class=\"fa fa-user\"><\/i><\/span>\n                 <h4>G\u00fcvenilir \u0130leti\u015fim<\/h4>\n                <div class=\"sub-title\"><\/div>\n                <div class=\"desc\"><p>Her a\u015famada m\u00fc\u015fterilerimizle a\u00e7\u0131k ve etkili ileti\u015fim kurarak, projelerinizin her detay\u0131 hakk\u0131nda bilgilendirme yapar\u0131z.<\/p>\n<\/div>\n            <\/div>[\/vc_column_inner][\/vc_row_inner][\/vc_column][\/vc_row][vc_row enable_parallax=&#8221;yes&#8221; css=&#8221;.vc_custom_1580713265020{padding-top: 75px !important;padding-bottom: 75px !important;background-image: url(http:\/\/demo2.steelthemes.com\/factoryplus\/wp-content\/uploads\/sites\/4\/2020\/02\/testi-hp1-parallax.jpg?id=2746) !important;}&#8221;][vc_column]<div class=\"fp-testimonials \">\n\t\t\t\t<i class=\"factory-text\"><\/i>\n                <h3>M\u00fc\u015fteri Geri Bildirimleri<\/h3>\n\t\t\t\t<div class=\"testi-list\" id=\"testimonial-slider-69e2128818ad2\">\n\t\t\t\t<div class=\"testi-item\">\n\t\t\t\t\t<div class=\"testi-content\">\n                        <div class=\"testi-des\">\u00dcr\u00fcnleriniz ger\u00e7ekten y\u00fcksek kaliteli ve h\u0131zl\u0131 teslimat\u0131n\u0131z sayesinde projelerimizi sorunsuz tamamlad\u0131k. Te\u015fekk\u00fcrler!\"<\/div>\n                        <span class=\"testi-name\">- Ali Y., <\/span>\n                        \n                        <div class=\"testi-star\"><i class=\"fa fa-star fa-md\"><\/i><i class=\"fa fa-star fa-md\"><\/i><i class=\"fa fa-star fa-md\"><\/i><i class=\"fa fa-star fa-md\"><\/i><i class=\"fa fa-star fa-md\"><\/i><\/div>\n\t\t\t\t\t<\/div>\n                <\/div>\n\t\t\t\t<div class=\"testi-item\">\n\t\t\t\t\t<div class=\"testi-content\">\n                        <div class=\"testi-des\">\u00a0\"M\u00fc\u015fteri hizmetleriniz \u00e7ok ilgili ve \u00e7\u00f6z\u00fcm odakl\u0131. \u00dcr\u00fcnlerinizin \u00e7e\u015fitlili\u011fi ve kalitesi harika!\"<\/div>\n                        <span class=\"testi-name\">- Ay\u015fe K., <\/span>\n                        \n                        <div class=\"testi-star\"><i class=\"fa fa-star fa-md\"><\/i><i class=\"fa fa-star fa-md\"><\/i><i class=\"fa fa-star fa-md\"><\/i><i class=\"fa fa-star fa-md\"><\/i><i class=\"fa fa-star-half-empty fa-md\"><\/i><\/div>\n\t\t\t\t\t<\/div>\n                <\/div>\n\t\t\t\t<div class=\"testi-item\">\n\t\t\t\t\t<div class=\"testi-content\">\n                        <div class=\"testi-des\">\u00a0\"Y\u0131llard\u0131r bu firma ile \u00e7al\u0131\u015f\u0131yorum ve her seferinde beklentilerimin \u00fczerinde hizmet ald\u0131m. Kesinlikle tavsiye ederim!\"<\/div>\n                        <span class=\"testi-name\">- Mehmet T., <\/span>\n                        \n                        <div class=\"testi-star\"><i class=\"fa fa-star fa-md\"><\/i><i class=\"fa fa-star fa-md\"><\/i><i class=\"fa fa-star fa-md\"><\/i><i class=\"fa fa-star fa-md\"><\/i><i class=\"fa fa-star fa-md\"><\/i><\/div>\n\t\t\t\t\t<\/div>\n                <\/div><\/div>\n\t\t\t<\/div>[\/vc_column][\/vc_row][vc_row css=&#8221;.vc_custom_1580713311514{padding-top: 100px !important;padding-bottom: 80px !important;background-image: url(http:\/\/demo2.steelthemes.com\/factoryplus\/wp-content\/uploads\/sites\/4\/2020\/02\/bg-img-request.jpg?id=2748) !important;background-position: center !important;background-repeat: no-repeat !important;background-size: cover !important;}&#8221; el_class=&#8221;no-background-img&#8221;][vc_column css=&#8221;.vc_custom_1478074133982{background-position: center !important;background-repeat: no-repeat !important;background-size: cover !important;}&#8221; offset=&#8221;vc_col-lg-3&#8243;][\/vc_column][vc_column width=&#8221;1\/2&#8243; offset=&#8221;vc_col-lg-4 vc_col-md-6&#8243;]<div class=\"fp-section-title clearfix  \">\n                <h2>Teklif \u0130steyin<\/h2>\n                \n            <\/div>[vc_row_inner css=&#8221;.vc_custom_1478255297407{padding-bottom: 5px !important;}&#8221;][vc_column_inner]<div class=\"fp-icon-box-2 icon-center dark-version \">\n\t\t\t\t <span class=\"fp-icon\"><i class=\"fa fa-commenting-o\"><\/i><\/span>\n                 <h4>Formu Doldurun<\/h4>\n                <div class=\"sub-title\"><\/div>\n                <div class=\"desc\"><p>Ekibimiz en k\u0131sa s\u00fcre i\u00e7erisinde sizinle ileti\u015fime ge\u00e7ecektir<\/p>\n<\/div>\n            <\/div>[\/vc_column_inner][\/vc_row_inner][vc_row_inner css=&#8221;.vc_custom_1478255306715{padding-bottom: 5px !important;}&#8221;][vc_column_inner]<div class=\"fp-icon-box-2 icon-center dark-version \">\n\t\t\t\t <span class=\"fp-icon\"><i class=\"fa fa-phone\"><\/i><\/span>\n                 <h4>0 533 747 54 28<\/h4>\n                <div class=\"sub-title\"><\/div>\n                <div class=\"desc\"><p>\u0130leti\u015fim i\u00e7in<\/p>\n<\/div>\n            <\/div>[\/vc_column_inner][\/vc_row_inner][vc_row_inner][vc_column_inner]<div class=\"fp-icon-box-2 icon-center dark-version \">\n\t\t\t\t <span class=\"fp-icon\"><i class=\"factory-tool\"><\/i><\/span>\n                 <h4>Uzman Ekibimiz<\/h4>\n                <div class=\"sub-title\"><\/div>\n                <div class=\"desc\"><p>info@vitko.com.tr<\/p>\n<\/div>\n            <\/div>[\/vc_column_inner][\/vc_row_inner][\/vc_column][vc_column width=&#8221;1\/2&#8243; offset=&#8221;vc_col-lg-5 vc_col-md-6&#8243;]\n<div class=\"wpcf7 no-js\" id=\"wpcf7-f2954-o1\" lang=\"tr-TR\" dir=\"ltr\" data-wpcf7-id=\"2954\">\n<div class=\"screen-reader-response\"><p role=\"status\" aria-live=\"polite\" aria-atomic=\"true\"><\/p> <ul><\/ul><\/div>\n<form action=\"\/index.php\/wp-json\/wp\/v2\/pages\/1715#wpcf7-f2954-o1\" method=\"post\" class=\"wpcf7-form init\" aria-label=\"\u0130leti\u015fim Formu\" novalidate=\"novalidate\" data-status=\"init\">\n<div style=\"display: none;\">\n<input type=\"hidden\" name=\"_wpcf7\" value=\"2954\" \/>\n<input type=\"hidden\" name=\"_wpcf7_version\" value=\"6.0.6\" \/>\n<input type=\"hidden\" name=\"_wpcf7_locale\" value=\"tr_TR\" \/>\n<input type=\"hidden\" name=\"_wpcf7_unit_tag\" value=\"wpcf7-f2954-o1\" \/>\n<input type=\"hidden\" name=\"_wpcf7_container_post\" value=\"0\" \/>\n<input type=\"hidden\" name=\"_wpcf7_posted_data_hash\" value=\"\" \/>\n<\/div>\n\n<p class=\"field first-row\"><br \/>\n<span class=\"wpcf7-form-control-wrap\" data-name=\"first-name\"><input size=\"40\" maxlength=\"400\" class=\"wpcf7-form-control wpcf7-text wpcf7-validates-as-required\" aria-required=\"true\" aria-invalid=\"false\" placeholder=\"Ad\u0131n\u0131z*\" value=\"\" type=\"text\" name=\"first-name\" \/><\/span>\n<\/p>\n<p class=\"field last-row\"><br \/>\n<span class=\"wpcf7-form-control-wrap\" data-name=\"last-name\"><input size=\"40\" maxlength=\"400\" class=\"wpcf7-form-control wpcf7-text wpcf7-validates-as-required\" aria-required=\"true\" aria-invalid=\"false\" placeholder=\"Soyad\u0131n\u0131z*\" value=\"\" type=\"text\" name=\"last-name\" \/><\/span>\n<\/p>\n<p class=\"field first-row\"><br \/>\n<span class=\"wpcf7-form-control-wrap\" data-name=\"your-email\"><input size=\"40\" maxlength=\"400\" class=\"wpcf7-form-control wpcf7-email wpcf7-validates-as-required wpcf7-text wpcf7-validates-as-email\" aria-required=\"true\" aria-invalid=\"false\" placeholder=\"E-posta Adresiniz*\" value=\"\" type=\"email\" name=\"your-email\" \/><\/span>\n<\/p>\n<p class=\"field last-row\"><br \/>\n<span class=\"wpcf7-form-control-wrap\" data-name=\"your-phone\"><input size=\"40\" maxlength=\"400\" class=\"wpcf7-form-control wpcf7-text\" aria-invalid=\"false\" placeholder=\"Telefon Numaran\u0131z\" value=\"\" type=\"text\" name=\"your-phone\" \/><\/span>\n<\/p>\n<p class=\"field single-field\"><br \/>\n<span class=\"wpcf7-form-control-wrap\" data-name=\"menu-981\"><select class=\"wpcf7-form-control wpcf7-select\" aria-invalid=\"false\" name=\"menu-981\"><option value=\"Hizmet Se\u00e7in\">Hizmet Se\u00e7in<\/option><option value=\"Asans\u00f6r Lastikleri\">Asans\u00f6r Lastikleri<\/option><option value=\"Beton Pompa Pistonu\">Beton Pompa Pistonu<\/option><option value=\"Contalar\">Contalar<\/option><option value=\"Dalg\u0131\u00e7 Pompa Lastikleri\">Dalg\u0131\u00e7 Pompa Lastikleri<\/option><option value=\"Diyaframlar\">Diyaframlar<\/option><option value=\"EPDM Borular\">EPDM Borular<\/option><option value=\"EPDM S\u00fcngerler\">EPDM S\u00fcngerler<\/option><option value=\"Fanus Alt Lastikleri\">Fanus Alt Lastikleri<\/option><option value=\"Hayvan Yataklar\u0131\">Hayvan Yataklar\u0131<\/option><option value=\"\u0130\u015f Makinas\u0131 Par\u00e7alar\u0131\">\u0130\u015f Makinas\u0131 Par\u00e7alar\u0131<\/option><option value=\"Kaplinler\">Kaplinler<\/option><option value=\"Kare Takozlar\">Kare Takozlar<\/option><option value=\"Kau\u00e7uk ve PVC Fitiller\">Kau\u00e7uk ve PVC Fitiller<\/option><option value=\"Ke\u00e7eler\">Ke\u00e7eler<\/option><option value=\"K\u00f6r\u00fckler\">K\u00f6r\u00fckler<\/option><option value=\"Orijinal \u00dcr\u00fcnler\">Orijinal \u00dcr\u00fcnler<\/option><option value=\"Park Bah\u00e7e \u00dcr\u00fcnleri\">Park Bah\u00e7e \u00dcr\u00fcnleri<\/option><option value=\"Silecekler\">Silecekler<\/option><option value=\"Titre\u015fim Takozlar\u0131\">Titre\u015fim Takozlar\u0131<\/option><option value=\"Trafo N\u00fcve Kapaklar\u0131\">Trafo N\u00fcve Kapaklar\u0131<\/option><\/select><\/span>\n<\/p>\n<p class=\"field single-field\"><br \/>\n<span class=\"wpcf7-form-control-wrap\" data-name=\"your-message\"><textarea cols=\"40\" rows=\"10\" maxlength=\"2000\" class=\"wpcf7-form-control wpcf7-textarea\" aria-invalid=\"false\" placeholder=\"Mesaj\u0131n\u0131z...\" name=\"your-message\"><\/textarea><\/span>\n<\/p>\n<p class=\"field submit\"><br \/>\n<input class=\"wpcf7-form-control wpcf7-submit has-spinner fp-btn\" type=\"submit\" value=\"Teklif Al\" \/>\n<\/p>\n<div class=\"wpcf7-response-output\" aria-hidden=\"true\"><\/div>\n<\/form>\n<\/div>\n[\/vc_column][\/vc_row]<\/p>\n<\/div>","protected":false},"excerpt":{"rendered":"<p>[vc_row full_width=&#8221;stretch_row_content_no_spaces&#8221;][vc_column][rev_slider_vc alias=&#8221;slider_homepage_1&#8243;][\/vc_column][\/vc_row][vc_row css=&#8221;.vc_custom_1476178806051{padding-top: 80px !important;padding-bottom: 45px !important;}&#8221;][vc_column width=&#8221;1\/3&#8243; css=&#8221;.vc_custom_1476178799882{margin-bottom: 30px !important;}&#8221;][vc_column_text css=&#8221;.vc_custom_1722636369684{margin-top: -10px !important;margin-bottom: 35px !important;}&#8221;]Web sitemizde sundu\u011fumuz \u00fcr\u00fcnlerin detayl\u0131 bilgilerini bulabilir ve ihtiyac\u0131n\u0131za uygun \u00e7\u00f6z\u00fcmleri kolayca ke\u015ffedebilirsiniz. \u00dcr\u00fcnlerimiz&hellip;<\/p>\n","protected":false},"author":1,"featured_media":0,"parent":0,"menu_order":0,"comment_status":"open","ping_status":"open","template":"template-homepage.php","meta":{"_joinchat":[],"footnotes":""},"class_list":["post-1715","page","type-page","status-publish","hentry","no-thumb"],"_links":{"self":[{"href":"https:\/\/www.vitko.com.tr\/index.php\/wp-json\/wp\/v2\/pages\/1715"}],"collection":[{"href":"https:\/\/www.vitko.com.tr\/index.php\/wp-json\/wp\/v2\/pages"}],"about":[{"href":"https:\/\/www.vitko.com.tr\/index.php\/wp-json\/wp\/v2\/types\/page"}],"author":[{"embeddable":true,"href":"https:\/\/www.vitko.com.tr\/index.php\/wp-json\/wp\/v2\/users\/1"}],"replies":[{"embeddable":true,"href":"https:\/\/www.vitko.com.tr\/index.php\/wp-json\/wp\/v2\/comments?post=1715"}],"version-history":[{"count":15,"href":"https:\/\/www.vitko.com.tr\/index.php\/wp-json\/wp\/v2\/pages\/1715\/revisions"}],"predecessor-version":[{"id":3244,"href":"https:\/\/www.vitko.com.tr\/index.php\/wp-json\/wp\/v2\/pages\/1715\/revisions\/3244"}],"wp:attachment":[{"href":"https:\/\/www.vitko.com.tr\/index.php\/wp-json\/wp\/v2\/media?parent=1715"}],"curies":[{"name":"wp","href":"https:\/\/api.w.org\/{rel}","templated":true}]}}