{"id":1578,"date":"2016-10-15T09:38:33","date_gmt":"2016-10-15T09:38:33","guid":{"rendered":"http:\/\/localhost\/factoryplus\/?page_id=1578"},"modified":"2026-02-05T07:45:24","modified_gmt":"2026-02-05T07:45:24","slug":"bize-ulasin","status":"publish","type":"page","link":"https:\/\/www.vitko.com.tr\/index.php\/bize-ulasin\/","title":{"rendered":"\u0130leti\u015fim"},"content":{"rendered":"<div class=\"wpb-content-wrapper\"><p>[vc_row css=&#8221;.vc_custom_1478074851311{padding-top: 75px !important;padding-bottom: 50px !important;}&#8221;][vc_column width=&#8221;1\/3&#8243;]<div class=\"fp-section-title clearfix  \">\n                <h2>\u0130leti\u015fim Bilgileri<\/h2>\n                \n            <\/div>[vc_row_inner css=&#8221;.vc_custom_1476672159379{margin-right: 50px !important;border-right-width: 1px !important;border-right-color: #f7f7f7 !important;border-right-style: solid !important;}&#8221;][vc_column_inner css=&#8221;.vc_custom_1476672407545{border-bottom-width: 1px !important;}&#8221;]<div class=\"fp-icon-box-5 icon-center dark-version \">\n\t\t\t\t <span class=\"fp-icon\"><i class=\"factory-technology\"><\/i><\/span>\n                 <h4>Sorular\u0131n\u0131z m\u0131 var? Bizi aray\u0131n<\/h4>\n                <div class=\"sub-title\"><\/div>\n                <div class=\"desc\"><p>Tel: 533 747 54 28<\/p>\n<p>Tel: 0216 420 20 10<\/p>\n<\/div>\n            <\/div>[\/vc_column_inner][\/vc_row_inner][vc_row_inner css=&#8221;.vc_custom_1478256534654{margin-right: 50px !important;border-right-width: 1px !important;border-right-color: #f7f7f7 !important;border-right-style: solid !important;}&#8221;][vc_column_inner]<div class=\"fp-icon-box-5 icon-center dark-version \">\n\t\t\t\t <span class=\"fp-icon\"><i class=\"factory-travel\"><\/i><\/span>\n                 <h4>Adres<\/h4>\n                <div class=\"sub-title\"><\/div>\n                <div class=\"desc\"><p>Necip Fazil Bulvari, Asli Sk. No:10 Y.Dudullu\/\u00dcmraniye\/\u0130st<\/p>\n<\/div>\n            <\/div>[\/vc_column_inner][\/vc_row_inner][vc_row_inner css=&#8221;.vc_custom_1478256539742{margin-right: 50px !important;border-right-width: 1px !important;border-right-color: #f7f7f7 !important;border-right-style: solid !important;}&#8221;][vc_column_inner]<div class=\"fp-icon-box-5 icon-center dark-version \">\n\t\t\t\t <span class=\"fp-icon\"><i class=\"factory-business\"><\/i><\/span>\n                 <h4>Mail<\/h4>\n                <div class=\"sub-title\"><\/div>\n                <div class=\"desc\"><p>info@vitko.com.tr<\/p>\n<\/div>\n            <\/div>[\/vc_column_inner][\/vc_row_inner][vc_row_inner css=&#8221;.vc_custom_1478256545206{margin-right: 50px !important;border-right-width: 1px !important;border-right-color: #f7f7f7 !important;border-right-style: solid !important;}&#8221;][vc_column_inner]<div class=\"fp-icon-box-5 icon-center dark-version \">\n\t\t\t\t <span class=\"fp-icon\"><i class=\"factory-wall-clock\"><\/i><\/span>\n                 <h4>\u00c7al\u0131\u015fma saatleri<\/h4>\n                <div class=\"sub-title\"><\/div>\n                <div class=\"desc\"><p>Hafta i\u00e7i-\u00a0 G\u00fcn: 08:.30 &#8211; 18.00<br \/>\nCumartesi &#8211; Pazar: Kapal\u0131<\/p>\n<\/div>\n            <\/div>[\/vc_column_inner][\/vc_row_inner][\/vc_column][vc_column width=&#8221;2\/3&#8243; el_class=&#8221;top-spacing&#8221;]<div class=\"fp-section-title clearfix custom-title \">\n                <h2>Bize Ula\u015f\u0131n<\/h2>\n                \n            <\/div>\n<div class=\"wpcf7 no-js\" id=\"wpcf7-f1589-o1\" lang=\"en-US\" dir=\"ltr\" data-wpcf7-id=\"1589\">\n<div class=\"screen-reader-response\"><p role=\"status\" aria-live=\"polite\" aria-atomic=\"true\"><\/p> <ul><\/ul><\/div>\n<form action=\"\/index.php\/wp-json\/wp\/v2\/pages\/1578#wpcf7-f1589-o1\" method=\"post\" class=\"wpcf7-form init\" aria-label=\"Contact form\" novalidate=\"novalidate\" data-status=\"init\">\n<div style=\"display: none;\">\n<input type=\"hidden\" name=\"_wpcf7\" value=\"1589\" \/>\n<input type=\"hidden\" name=\"_wpcf7_version\" value=\"6.0.6\" \/>\n<input type=\"hidden\" name=\"_wpcf7_locale\" value=\"en_US\" \/>\n<input type=\"hidden\" name=\"_wpcf7_unit_tag\" value=\"wpcf7-f1589-o1\" \/>\n<input type=\"hidden\" name=\"_wpcf7_container_post\" value=\"0\" \/>\n<input type=\"hidden\" name=\"_wpcf7_posted_data_hash\" value=\"\" \/>\n<\/div>\n<div class=\"fp-form fp-form-3\">\n\t<p class=\"field first-row\"><span class=\"wpcf7-form-control-wrap\" data-name=\"your-name\"><input size=\"40\" maxlength=\"400\" class=\"wpcf7-form-control wpcf7-text wpcf7-validates-as-required\" aria-required=\"true\" aria-invalid=\"false\" placeholder=\"Ad\u0131n\u0131z*\" value=\"\" type=\"text\" name=\"your-name\" \/><\/span>\n\t<\/p>\n\t<p class=\"field last-row\"><span class=\"wpcf7-form-control-wrap\" data-name=\"your-email\"><input size=\"40\" maxlength=\"400\" class=\"wpcf7-form-control wpcf7-email wpcf7-validates-as-required wpcf7-text wpcf7-validates-as-email\" aria-required=\"true\" aria-invalid=\"false\" placeholder=\"E-posta adresiniz*\" value=\"\" type=\"email\" name=\"your-email\" \/><\/span>\n\t<\/p>\n\t<p class=\"field first-row\"><span class=\"wpcf7-form-control-wrap\" data-name=\"your-phone\"><input size=\"40\" maxlength=\"400\" class=\"wpcf7-form-control wpcf7-text\" aria-invalid=\"false\" placeholder=\"Telefon numaras\u0131\" value=\"\" type=\"text\" name=\"your-phone\" \/><\/span>\n\t<\/p>\n\t<p class=\"field last-row\"><span class=\"wpcf7-form-control-wrap\" data-name=\"subject\"><input size=\"40\" maxlength=\"400\" class=\"wpcf7-form-control wpcf7-text wpcf7-validates-as-required\" aria-required=\"true\" aria-invalid=\"false\" placeholder=\"\u0130\u015f Telefon*\" value=\"\" type=\"text\" name=\"subject\" \/><\/span>\n\t<\/p>\n\t<p class=\"field single-field\"><span class=\"wpcf7-form-control-wrap\" data-name=\"your-message\"><textarea cols=\"40\" rows=\"10\" maxlength=\"2000\" class=\"wpcf7-form-control wpcf7-textarea\" aria-invalid=\"false\" placeholder=\"Mesaj\u0131n...\" name=\"your-message\"><\/textarea><\/span>\n\t<\/p>\n\t<p class=\"field submit\"><input class=\"wpcf7-form-control wpcf7-submit has-spinner\" type=\"submit\" value=\"Mesaj g\u00f6nder\" \/>\n\t<\/p>\n<\/div><div class=\"wpcf7-response-output\" aria-hidden=\"true\"><\/div>\n<\/form>\n<\/div>\n[\/vc_column][\/vc_row][vc_row full_width=&#8221;stretch_row_content_no_spaces&#8221;][vc_column][vc_gmaps link=&#8221;#E-8_JTNDaWZyYW1lJTIwc3JjJTNEJTIyaHR0cHMlM0ElMkYlMkZ3d3cuZ29vZ2xlLmNvbSUyRm1hcHMlMkZlbWJlZCUzRnBiJTNEJTIxMW0xOCUyMTFtMTIlMjExbTMlMjExZDMwMTAuNzMxMDU5NDkxNDA0NyUyMTJkMjkuMTYxNjU3MTk5OTk5OTkzJTIxM2Q0MS4wMDkyNTkzJTIxMm0zJTIxMWYwJTIxMmYwJTIxM2YwJTIxM20yJTIxMWkxMDI0JTIxMmk3NjglMjE0ZjEzLjElMjEzbTMlMjExbTIlMjExczB4MTRjYWNmOWVjZjg5MmMzZCUyNTNBMHhiM2RiNGU5OGIyYjI1NzJlJTIxMnNWaXRrbyUyNTIwa2lteWElMjUyMGthdSUyNUMzJTI1QTd1ayUyNTIwc2FuJTI1MjB2ZSUyNTIwdGljLmx0ZC4lMjVDNSUyNTlGdGklMjE1ZTAlMjEzbTIlMjExc3RyJTIxMnN0ciUyMTR2MTcyMzMxMTAxMjM4OCUyMTVtMiUyMTFzdHIlMjEyc3RyJTIyJTIwd2lkdGglM0QlMjI2MDAlMjIlMjBoZWlnaHQlM0QlMjI0NTAlMjIlMjBzdHlsZSUzRCUyMmJvcmRlciUzQTAlM0IlMjIlMjBhbGxvd2Z1bGxzY3JlZW4lM0QlMjIlMjIlMjBsb2FkaW5nJTNEJTIybGF6eSUyMiUyMHJlZmVycmVycG9saWN5JTNEJTIybm8tcmVmZXJyZXItd2hlbi1kb3duZ3JhZGUlMjIlM0UlM0MlMkZpZnJhbWUlM0U=&#8221; css=&#8221;&#8221;][\/vc_column][\/vc_row]<\/p>\n<\/div>","protected":false},"excerpt":{"rendered":"<p>[vc_row css=&#8221;.vc_custom_1478074851311{padding-top: 75px !important;padding-bottom: 50px !important;}&#8221;][vc_column width=&#8221;1\/3&#8243;][vc_row_inner css=&#8221;.vc_custom_1476672159379{margin-right: 50px !important;border-right-width: 1px !important;border-right-color: #f7f7f7 !important;border-right-style: solid !important;}&#8221;][vc_column_inner css=&#8221;.vc_custom_1476672407545{border-bottom-width: 1px !important;}&#8221;][\/vc_column_inner][\/vc_row_inner][vc_row_inner css=&#8221;.vc_custom_1478256534654{margin-right: 50px !important;border-right-width: 1px !important;border-right-color: #f7f7f7 !important;border-right-style: solid !important;}&#8221;][vc_column_inner][\/vc_column_inner][\/vc_row_inner][vc_row_inner css=&#8221;.vc_custom_1478256539742{margin-right: 50px&hellip;<\/p>\n","protected":false},"author":1,"featured_media":0,"parent":0,"menu_order":0,"comment_status":"closed","ping_status":"closed","template":"template-fullwidth.php","meta":{"_joinchat":[],"footnotes":""},"class_list":["post-1578","page","type-page","status-publish","hentry","no-thumb"],"_links":{"self":[{"href":"https:\/\/www.vitko.com.tr\/index.php\/wp-json\/wp\/v2\/pages\/1578"}],"collection":[{"href":"https:\/\/www.vitko.com.tr\/index.php\/wp-json\/wp\/v2\/pages"}],"about":[{"href":"https:\/\/www.vitko.com.tr\/index.php\/wp-json\/wp\/v2\/types\/page"}],"author":[{"embeddable":true,"href":"https:\/\/www.vitko.com.tr\/index.php\/wp-json\/wp\/v2\/users\/1"}],"replies":[{"embeddable":true,"href":"https:\/\/www.vitko.com.tr\/index.php\/wp-json\/wp\/v2\/comments?post=1578"}],"version-history":[{"count":15,"href":"https:\/\/www.vitko.com.tr\/index.php\/wp-json\/wp\/v2\/pages\/1578\/revisions"}],"predecessor-version":[{"id":3320,"href":"https:\/\/www.vitko.com.tr\/index.php\/wp-json\/wp\/v2\/pages\/1578\/revisions\/3320"}],"wp:attachment":[{"href":"https:\/\/www.vitko.com.tr\/index.php\/wp-json\/wp\/v2\/media?parent=1578"}],"curies":[{"name":"wp","href":"https:\/\/api.w.org\/{rel}","templated":true}]}}