{"id":1536,"date":"2016-10-14T07:07:23","date_gmt":"2016-10-14T07:07:23","guid":{"rendered":"http:\/\/localhost\/factoryplus\/?page_id=1536"},"modified":"2024-08-05T12:21:04","modified_gmt":"2024-08-05T12:21:04","slug":"uretim","status":"publish","type":"page","link":"https:\/\/www.vitko.com.tr\/index.php\/uretim\/","title":{"rendered":"\u00dcretim"},"content":{"rendered":"<div class=\"wpb-content-wrapper\"><p>[vc_row css=&#8221;.vc_custom_1486635807150{padding-top: 80px !important;padding-bottom: 50px !important;}&#8221;][vc_column][vc_text_separator title=&#8221;\u00dcretim&#8221; css=&#8221;&#8221;][vc_row_inner css=&#8221;.vc_custom_1476434351135{margin-bottom: 25px !important;}&#8221;][vc_column_inner][vc_column_text css=&#8221;&#8221;]\u25a0 Firmam\u0131z, kau\u00e7uk par\u00e7a \u00fcretiminde ihtiya\u00e7 duyulan, vulkanizasyon kal\u0131plar\u0131n\u0131n ve aparatlar\u0131n\u0131n tasar\u0131m ve \u00fcretimini kendi<br \/>\nb\u00fcnyesinde ger\u00e7ekle\u015ftirmektedir.<\/p>\n<p>\u25a0 \u00dcretilecek her bir par\u00e7a i\u00e7in, kullan\u0131m alan\u0131na uygun elastomer se\u00e7ilerek haz\u0131rlanan kau\u00e7uk hamurlar\u0131,hidrolik preslerde<br \/>\nvulkanize edilerek mamul haline getirilir.<\/p>\n<p>\u25a0 Fabrikam\u0131z kalite kontrol b\u00f6l\u00fcm\u00fcnde son kontroller yap\u0131larak \u00fcr\u00fcn haz\u0131r hale getirilir.[\/vc_column_text][\/vc_column_inner][\/vc_row_inner][vc_separator][vc_text_separator title=&#8221;www.vitko.com.tr&#8221; css=&#8221;&#8221;][\/vc_column][\/vc_row][vc_row css=&#8221;.vc_custom_1486635817150{padding-top: 75px !important;padding-bottom: 80px !important;}&#8221; el_class=&#8221;no-padding-top&#8221;][vc_column el_class=&#8221;top-spacing&#8221;]<div class=\"fp-section-title clearfix  \">\n                <h2>KULLANDI\u011eIMIZ HAMMADDE \u00c7E\u015e\u0130TLER\u0130<\/h2>\n                \n            <\/div><div class=\"fp-accordion  style-2\">\n\t\t\t\t<div class=\"accordion-title\">\n\t\t\t\t\t<span class=\"icons\">\n\t\t\t\t\t\t<i class=\"fa fa-plus\" aria-hidden=\"true\"><\/i>\n\t\t\t\t\t\t<i class=\"fa fa-minus\" aria-hidden=\"true\"><\/i>\n\t\t\t\t\t<\/span>\n\t                <h2>TAB\u0130\u0130 KAU\u00c7UK<\/h2>\n\t\t\t\t<\/div>\n                <div class=\"toggle-content\"><table class=\"yazi\" width=\"98%\" cellspacing=\"1\">\n<tbody>\n<tr>\n<td width=\"20%\" height=\"30\"><span style=\"color: #435cc8;\"><b>Kullan\u0131m Alanlar\u0131<\/b><\/span><\/td>\n<td width=\"79%\" height=\"30\"><span style=\"color: #808080; font-family: Arial;\">B\u00fck\u00fclmeli Vibrasyon Yast\u0131klar\u0131, Motor Ba\u011flant\u0131lar\u0131, Diyafram \u0130ml.<\/span><\/td>\n<\/tr>\n<tr>\n<td width=\"20%\" height=\"30\"><span style=\"color: #435cc8;\"><b>\u00d6zellik<\/b><\/span><\/td>\n<td width=\"79%\" height=\"30\"><span style=\"color: #808080; font-family: Arial;\">Y\u00fcksek Derecede Kopma ve Y\u0131rt\u0131lma Direnci, Y\u00fcksek Elastikiyet, D\u00fc\u015f\u00fck Kal\u0131c\u0131 Deformasyon ve Yay\u0131lma \u00d6zellikleri<\/span><\/td>\n<\/tr>\n<tr>\n<td width=\"20%\" height=\"30\"><span style=\"color: #435cc8;\"><b>\u015ei\u015fme Dayan\u0131m\u0131<\/b><\/span><\/td>\n<td width=\"79%\" height=\"30\"><span style=\"color: #808080; font-family: Arial;\">S\u0131cakl\u0131k \u00c7ok Y\u00fcksek De\u011filse Suda, Glikol Esasl\u0131 Ya\u011flarda \u0130yi, Mineral Ya\u011flar, Gresler ve Mazotta K\u00f6t\u00fcd\u00fcr.<\/span><\/td>\n<\/tr>\n<tr>\n<td width=\"20%\" height=\"30\"><span style=\"color: #435cc8;\"><b>\u00c7al\u0131\u015fma S\u0131cakl\u0131\u011f\u0131<\/b><\/span><\/td>\n<td width=\"79%\" height=\"30\"><span style=\"color: #808080; font-family: Arial;\">-60\u00b0C, +80\u00b0C Uzun S\u00fcre Y\u00fcksek S\u0131cakl\u0131\u011fa Maruz Kalan Tabii Kau\u00e7uk \u0130lk \u00d6nce Biraz Sertle\u015fmeden Sonra Biraz Yumu\u015fayabilir<\/span><\/td>\n<\/tr>\n<\/tbody>\n<\/table>\n<\/div>\n            <\/div><div class=\"fp-accordion  style-2\">\n\t\t\t\t<div class=\"accordion-title\">\n\t\t\t\t\t<span class=\"icons\">\n\t\t\t\t\t\t<i class=\"fa fa-plus\" aria-hidden=\"true\"><\/i>\n\t\t\t\t\t\t<i class=\"fa fa-minus\" aria-hidden=\"true\"><\/i>\n\t\t\t\t\t<\/span>\n\t                <h2>NITRIL KAU\u00c7UK - NBR<\/h2>\n\t\t\t\t<\/div>\n                <div class=\"toggle-content\"><p>\u00c7ok yayg\u0131n bir kullanma sahiptir. Ya\u011f ve greslere dayan\u0131kl\u0131, genel ama\u00e7l\u0131 olarak kullan\u0131lan bir malzemedir. Mineral ya\u011flar\u0131, ya\u011flama ya\u011flar\u0131, Grup H, HL, HLP tip ya\u011flar ve gresler, HFA, HFB ve HFC, bitkisel ve hayvansal gres ya\u011flar\u0131, hafif \u0131s\u0131tma ve diesel yak\u0131t\u0131nda olduk\u00e7a iyi dayan\u0131m \u00f6zellikleri g\u00f6sterir. Nitrik Kau\u00e7uk tipik olarak -40\u00b0C ile 105 \u00b0C aras\u0131ndaki s\u0131cakl\u0131klarda kullan\u0131l\u0131r, aral\u0131kl\u0131 \u00e7al\u0131\u015fmalarda 120 \u00b0C\u2019 ye kadar dayan\u0131kl\u0131d\u0131r.<\/p>\n<p>&nbsp;<\/p>\n<\/div>\n            <\/div><div class=\"fp-accordion  style-2\">\n\t\t\t\t<div class=\"accordion-title\">\n\t\t\t\t\t<span class=\"icons\">\n\t\t\t\t\t\t<i class=\"fa fa-plus\" aria-hidden=\"true\"><\/i>\n\t\t\t\t\t\t<i class=\"fa fa-minus\" aria-hidden=\"true\"><\/i>\n\t\t\t\t\t<\/span>\n\t                <h2>SITREN BUTADIEN KAU\u00c7UK - SBR<\/h2>\n\t\t\t\t<\/div>\n                <div class=\"toggle-content\"><p>Bu malzeme -50 \u00b0C ile 100 \u00b0C aras\u0131nda kullan\u0131l\u0131r. Glikol esasl\u0131 fren ya\u011flar\u0131na, asit ve bazlara, alkole kar\u015f\u0131 diren\u00e7lidir. Yak\u0131tlar ve petrol esasl\u0131 ya\u011flara dayan\u0131kl\u0131 de\u011fildir.<\/p>\n<\/div>\n            <\/div><div class=\"fp-accordion  style-2\">\n\t\t\t\t<div class=\"accordion-title\">\n\t\t\t\t\t<span class=\"icons\">\n\t\t\t\t\t\t<i class=\"fa fa-plus\" aria-hidden=\"true\"><\/i>\n\t\t\t\t\t\t<i class=\"fa fa-minus\" aria-hidden=\"true\"><\/i>\n\t\t\t\t\t<\/span>\n\t                <h2>HIDROJENE NITRIL KAU\u00c7UK HNBR<\/h2>\n\t\t\t\t<\/div>\n                <div class=\"toggle-content\"><p>Hidrojene nitril kau\u00e7uk NBR polimerlerinden t\u00fcretilir. Y\u00fcksek \u0131s\u0131 ve oksidasyon stabilitesine sahiptir. En \u00f6nemli \u00f6zellikleri y\u00fcksek mekanik g\u00fc\u00e7leri ve a\u015f\u0131nmaya kar\u015f\u0131 dayan\u0131kl\u0131 olmas\u0131d\u0131r.ortam dayan\u0131kl\u0131l\u0131\u011f\u0131 NBR ninki gibidir. -30\u00b0C ile 150 \u00b0C aras\u0131nda kullan\u0131lmak \u00fczere \u00f6nerilir.<\/p>\n<\/div>\n            <\/div><div class=\"fp-accordion  style-2\">\n\t\t\t\t<div class=\"accordion-title\">\n\t\t\t\t\t<span class=\"icons\">\n\t\t\t\t\t\t<i class=\"fa fa-plus\" aria-hidden=\"true\"><\/i>\n\t\t\t\t\t\t<i class=\"fa fa-minus\" aria-hidden=\"true\"><\/i>\n\t\t\t\t\t<\/span>\n\t                <h2>EPDM KAU\u00c7UK<\/h2>\n\t\t\t\t<\/div>\n                <div class=\"toggle-content\"><table width=\"98%\" cellspacing=\"1\">\n<tbody>\n<tr>\n<td width=\"20%\"><span style=\"color: #435cc8;\"><b>Kullan\u0131m Alanlar\u0131<\/b><\/span><\/td>\n<td width=\"79%\" height=\"30\"><span style=\"color: #808080; font-family: Arial;\">Radyat\u00f6r ve Is\u0131tma Hortumlar\u0131, Beyaz E\u015fya K\u00f6r\u00fck ve Contalar\u0131, Konvey\u00f6r Kay\u0131\u015flar\u0131, Silindir Kaplama, Is\u0131, I\u015f\u0131k, Oksidasyona, Ozona, Ya\u015flanmaya ve Hava \u015eartlar\u0131na Kar\u015f\u0131 M\u00fckemmel Dayan\u0131m, \u0130yi Dielektrik<\/span><\/td>\n<\/tr>\n<tr>\n<td width=\"20%\"><span style=\"color: #435cc8;\"><b>\u00d6zellik<\/b><\/span><\/td>\n<td width=\"79%\" height=\"30\"><span style=\"color: #808080; font-family: Arial;\">Ekstruryon Profil Sekt\u00f6r\u00fc ve Hava \u015eartlar\u0131na Maruz Kalan S\u0131zd\u0131rmazl\u0131k Bantlar\u0131nda En \u0130yi Tercihtir.<\/span><\/td>\n<\/tr>\n<tr>\n<td width=\"20%\"><span style=\"color: #435cc8;\"><b>\u015ei\u015fme Dayan\u0131m\u0131<\/b><\/span><\/td>\n<td width=\"79%\" height=\"30\"><span style=\"color: #808080; font-family: Arial;\">Sulu ve Konsantre Asit ve Alkalilerde, S\u0131cak Suda, Buharda, Asitlerde, Oksitlendiricilerde \u0130yi, Aromatik, Alifatik ve Klorlanm\u0131\u015f Hidrokarbonlarda K\u00f6t\u00fcd\u00fcr.<\/span><\/td>\n<\/tr>\n<tr>\n<td width=\"20%\"><span style=\"color: #435cc8;\"><b>\u00c7al\u0131\u015fma S\u0131cakl\u0131\u011f\u0131<\/b><\/span><\/td>\n<td width=\"79%\" height=\"30\"><span style=\"color: #808080; font-family: Arial;\">S\u0131cakl\u0131\u011f\u0131: -50\u00b0C, +150\u00b0C&#8217;dir<\/span><\/td>\n<\/tr>\n<\/tbody>\n<\/table>\n<\/div>\n            <\/div><div class=\"fp-accordion  style-2\">\n\t\t\t\t<div class=\"accordion-title\">\n\t\t\t\t\t<span class=\"icons\">\n\t\t\t\t\t\t<i class=\"fa fa-plus\" aria-hidden=\"true\"><\/i>\n\t\t\t\t\t\t<i class=\"fa fa-minus\" aria-hidden=\"true\"><\/i>\n\t\t\t\t\t<\/span>\n\t                <h2>NEOPREN KAU\u00c7UK<\/h2>\n\t\t\t\t<\/div>\n                <div class=\"toggle-content\"><table width=\"98%\" cellspacing=\"1\">\n<tbody>\n<tr>\n<td><span style=\"color: #435cc8;\"><b><span>Kullan\u0131m Alanlar\u0131<\/span><\/b><\/span><\/td>\n<td height=\"30\">\n<p><span style=\"color: #808080; font-family: Arial;\">Deniz suyu ve ortam \u015fartlar\u0131nda,G\u00fcne\u015f \u0131\u015f\u0131nlar\u0131na maruz kalan alanlarda<\/span><\/p>\n<p>&nbsp;<\/p>\n<p><span style=\"color: #808080; font-family: Arial;\">Alkol ve benzeri ,Titre\u015fim emici olarak<\/span><\/td>\n<\/tr>\n<tr>\n<td><span style=\"color: #435cc8;\"><b><span>\u00d6zellik<\/span><\/b><\/span><\/td>\n<td height=\"30\"><span style=\"color: #808080; font-family: Arial;\">M\u00fckemmel titre\u015fim s\u00f6n\u00fcmleme,a\u00e7\u0131k alanlarda kullan\u0131m\u0131 ideal.<\/span><\/td>\n<\/tr>\n<tr>\n<td><span style=\"color: #435cc8;\"><b><span>\u015ei\u015fme Dayan\u0131m\u0131<\/span><\/b><\/span><\/td>\n<td height=\"30\">\n<p><span style=\"color: #808080; font-family: Arial;\">Deniz suyu ve g\u00fcne\u015f \u0131\u015f\u0131nlar\u0131na mukavemeti olduk\u00e7a iyi.<\/span><\/p>\n<p>&nbsp;<\/p>\n<p><span style=\"color: #808080; font-family: Arial;\">Kimyasal ve ya\u011flarda orta.<\/span><\/td>\n<\/tr>\n<tr>\n<td><span style=\"color: #435cc8;\"><b><span>\u00c7al\u0131\u015fma S\u0131cakl\u0131\u011f\u0131<\/span><\/b><\/span><\/td>\n<td height=\"30\"><span style=\"color: #808080; font-family: Arial;\">S\u0131cakl\u0131\u011f\u0131: -50\u00b0C, +130\u00b0C&#8217;dir<\/span><\/td>\n<\/tr>\n<\/tbody>\n<\/table>\n<\/div>\n            <\/div><div class=\"fp-accordion  style-2\">\n\t\t\t\t<div class=\"accordion-title\">\n\t\t\t\t\t<span class=\"icons\">\n\t\t\t\t\t\t<i class=\"fa fa-plus\" aria-hidden=\"true\"><\/i>\n\t\t\t\t\t\t<i class=\"fa fa-minus\" aria-hidden=\"true\"><\/i>\n\t\t\t\t\t<\/span>\n\t                <h2>S\u0130L\u0130KON KAU\u00c7UK<\/h2>\n\t\t\t\t<\/div>\n                <div class=\"toggle-content\"><table width=\"98%\" cellspacing=\"1\">\n<tbody>\n<tr>\n<td width=\"20%\" height=\"30\"><span style=\"color: #435cc8;\"><b><span>Kullan\u0131m Alanlar\u0131<\/span><\/b><\/span><\/td>\n<td width=\"79%\" height=\"30\"><span style=\"color: #808080; font-family: Arial;\">Termik ve Elektrik Sekt\u00f6r\u00fc; Otomotiv Sekt\u00f6r\u00fc; G\u0131da, T\u0131p ve \u0130n\u015faat Sekt\u00f6r\u00fc; Savunma ve G\u00fcvenlik Sekt\u00f6r\u00fc<\/span><\/td>\n<\/tr>\n<tr>\n<td width=\"20%\" height=\"30\"><span style=\"color: #435cc8;\"><b><span>\u00d6zellik<\/span><\/b><\/span><\/td>\n<td width=\"79%\" height=\"30\"><span style=\"color: #808080; font-family: Arial;\">Y\u00fcksek Is\u0131 Dayan\u0131m\u0131, D\u00fc\u015f\u00fck S\u0131cakl\u0131k Esnekli\u011fi (\u0130yi), \u00c7ok \u0130yi Dielektrik \u00d6zelli\u011fi; Oksijen, Ozon ve D\u0131\u015f Etkenlere Kar\u015f\u0131 \u00c7ok \u0130yi Dayan\u0131kl\u0131l\u0131k ve daha \u00f6nemlisi Fiziksel \u00d6zellikleri S\u0131cakl\u0131k de\u011fi\u015fiminden \u00e7ok az etkilenir. Gaz S\u0131zd\u0131rmazl\u0131\u011f\u0131n\u0131n Oda S\u0131cakl\u0131\u011f\u0131nda Di\u011fer Elastomerlerden Daha Y\u00fcksek Olmas\u0131 \u00d6zelli\u011fi ; \u0130nce Diyafram \u0130malat\u0131nda Tercih sebebidir. Oksijensiz Ortamlarda, Y\u00fcksek S\u0131cakl\u0131kta Dipolimerize Olarak Bozulu r.<\/span><\/td>\n<\/tr>\n<tr>\n<td width=\"20%\" height=\"30\"><span style=\"color: #435cc8;\"><b><span>\u015ei\u015fme Dayan\u0131m\u0131<\/span><\/b><\/span><\/td>\n<td width=\"79%\" height=\"30\"><span style=\"color: #808080; font-family: Arial;\">Mineral Ya\u011flarda ve \u0130\u00e7 Fren Ya\u011flar\u0131nda Orta, D\u00fc\u015f\u00fck Molek\u00fcl A\u011f\u0131rl\u0131kl\u0131 Esterlerde, Alifatik ve Aromatik Hidrokarbonlarda K\u00f6t\u00fcd\u00fcr. 100\u00b0C&#8217;ye Kadar S\u0131cak Suda Kullan\u0131\u015fl\u0131d\u0131r .<\/span><\/td>\n<\/tr>\n<tr>\n<td width=\"20%\" height=\"30\"><span style=\"color: #435cc8;\"><b><span>\u00c7al\u0131\u015fma S\u0131cakl\u0131\u011f\u0131<\/span><\/b><\/span><\/td>\n<td width=\"79%\" height=\"30\"><span style=\"color: #808080; font-family: Arial;\">-60\u00b0C , +230\u00b0C dir. K\u0131sa Peryot \u0130\u00e7in +230\u00b0C ye Kadar Dayan\u0131r.\u00d6zel Kar\u0131\u015f\u0131mlardan Yap\u0131lm\u0131\u015f Par\u00e7alar -100 C&#8217;de K\u0131r\u0131lganl\u0131k G\u00f6stermeyebilirler.<\/span><\/td>\n<\/tr>\n<\/tbody>\n<\/table>\n<\/div>\n            <\/div><div class=\"fp-accordion  style-2\">\n\t\t\t\t<div class=\"accordion-title\">\n\t\t\t\t\t<span class=\"icons\">\n\t\t\t\t\t\t<i class=\"fa fa-plus\" aria-hidden=\"true\"><\/i>\n\t\t\t\t\t\t<i class=\"fa fa-minus\" aria-hidden=\"true\"><\/i>\n\t\t\t\t\t<\/span>\n\t                <h2>FLORO KAU\u00c7UK (V\u0130TON)<\/h2>\n\t\t\t\t<\/div>\n                <div class=\"toggle-content\"><table width=\"98%\" cellspacing=\"1\">\n<tbody>\n<tr>\n<td width=\"20%\"><span style=\"color: #435cc8;\"><b><span>Kullan\u0131m Alanlar\u0131<\/span><\/b><\/span><\/td>\n<td width=\"79%\" height=\"30\"><span style=\"color: #808080; font-family: Arial;\">Havac\u0131l\u0131k ve Uzay Sanayi , Otomotiv Sanayi , Silindir Kaplamalar\u0131 Gibi Y\u00fcksek Pertormans Gerektiren Yerlerde Kullan\u0131l\u0131r.<\/span><\/td>\n<\/tr>\n<tr>\n<td width=\"20%\"><span style=\"color: #435cc8;\"><b><span>\u00d6zellik<\/span><\/b><\/span><\/td>\n<td width=\"79%\" height=\"30\"><span style=\"color: #808080; font-family: Arial;\">Y\u00fcksek S\u0131cakl\u0131\u011fa Dayan\u0131m\u0131 ve Kimyasal sa\u011flaml\u0131klar\u0131d\u0131r. Gaz Ge\u00e7irgenlikleri D\u00fc\u015f\u00fckt\u00fcr ve Vakumda \u00c7ok Az A\u011f\u0131rl\u0131k Kayb\u0131 G\u00f6sterirler. Yanmay\u0131 Geciktirebildi\u011fi Gibi; I\u015f\u0131kta Ozon ve \u00c7atlama Dayan\u0131m\u0131 \u00c7ok \u0130yidir. S\u0131cak Suya ve Buhara M\u00fckemmel Diren\u00e7 G\u00f6sterir.<\/span><\/td>\n<\/tr>\n<tr>\n<td width=\"20%\"><span style=\"color: #435cc8;\"><b><span>\u015ei\u015fme Dayan\u0131m\u0131<\/span><\/b><\/span><\/td>\n<td width=\"79%\" height=\"30\"><span style=\"color: #808080; font-family: Arial;\">Mineral Ya\u011f ve Greslerde (\u00c7ok Katk\u0131l\u0131 Bile Olsa), Mazotta, Alifatik ve Aromatik Hidrokarbonlarda, Yanmaya Dayan\u0131kl\u0131 Baz\u0131 Hidrolik Ya\u011flarda, Sentetik Haval\u0131 Motor Ya\u011flar\u0131nda \u0130yi; Yanmaya Dayan\u0131kl\u0131 Fren Ya\u011flar\u0131nda K\u00f6t\u00fcd\u00fcr.<\/span><\/td>\n<\/tr>\n<tr>\n<td width=\"20%\"><span style=\"color: #435cc8;\"><b><span>\u00c7al\u0131\u015fma S\u0131cakl\u0131\u011f\u0131<\/span><\/b><\/span><\/td>\n<td width=\"79%\" height=\"30\"><span style=\"color: #808080; font-family: Arial;\">-20\u00b0C, +250\u00b0C&#8217;dir (K\u0131sa Peryot \u0130\u00e7in +230 \u00b0C&#8217;dir) \u00d6zel Kar\u0131\u015f\u0131mla -35\u00b0C, +230\u00b0C Olabilir.<\/span><\/td>\n<\/tr>\n<\/tbody>\n<\/table>\n<\/div>\n            <\/div><div class=\"fp-accordion  style-2\">\n\t\t\t\t<div class=\"accordion-title\">\n\t\t\t\t\t<span class=\"icons\">\n\t\t\t\t\t\t<i class=\"fa fa-plus\" aria-hidden=\"true\"><\/i>\n\t\t\t\t\t\t<i class=\"fa fa-minus\" aria-hidden=\"true\"><\/i>\n\t\t\t\t\t<\/span>\n\t                <h2>POLI\u00dcRETAN - PU<\/h2>\n\t\t\t\t<\/div>\n                <div class=\"toggle-content\"><p>-30\u00b0C ile 100\u00b0C s\u0131cakl\u0131k aras\u0131nda kopma, y\u0131rt\u0131lma ve a\u015f\u0131nmaya kar\u015f\u0131 m\u00fckemmel dayan\u0131kl\u0131l\u0131\u011f\u0131 vard\u0131r. Hava ve ozona diren\u00e7lidir. Mineral ya\u011flar, gres ve alifatik hidrokarbonlara direnci iyidir. \u00d6zellikle y\u00fcksek bas\u0131n\u00e7 s\u0131zd\u0131rmazl\u0131k eleman\u0131 ve mil s\u0131y\u0131r\u0131c\u0131 olarak kullan\u0131l\u0131r.<\/p>\n<p>&nbsp;<\/p>\n<\/div>\n            <\/div>[\/vc_column][\/vc_row]<\/p>\n<\/div>","protected":false},"excerpt":{"rendered":"<p>[vc_row css=&#8221;.vc_custom_1486635807150{padding-top: 80px !important;padding-bottom: 50px !important;}&#8221;][vc_column][vc_text_separator title=&#8221;\u00dcretim&#8221; css=&#8221;&#8221;][vc_row_inner css=&#8221;.vc_custom_1476434351135{margin-bottom: 25px !important;}&#8221;][vc_column_inner][vc_column_text css=&#8221;&#8221;]\u25a0 Firmam\u0131z, kau\u00e7uk par\u00e7a \u00fcretiminde ihtiya\u00e7 duyulan, vulkanizasyon kal\u0131plar\u0131n\u0131n ve aparatlar\u0131n\u0131n tasar\u0131m ve \u00fcretimini kendi b\u00fcnyesinde ger\u00e7ekle\u015ftirmektedir. \u25a0 \u00dcretilecek&hellip;<\/p>\n","protected":false},"author":1,"featured_media":0,"parent":0,"menu_order":0,"comment_status":"closed","ping_status":"closed","template":"template-fullwidth.php","meta":{"_joinchat":[],"footnotes":""},"class_list":["post-1536","page","type-page","status-publish","hentry","no-thumb"],"_links":{"self":[{"href":"https:\/\/www.vitko.com.tr\/index.php\/wp-json\/wp\/v2\/pages\/1536"}],"collection":[{"href":"https:\/\/www.vitko.com.tr\/index.php\/wp-json\/wp\/v2\/pages"}],"about":[{"href":"https:\/\/www.vitko.com.tr\/index.php\/wp-json\/wp\/v2\/types\/page"}],"author":[{"embeddable":true,"href":"https:\/\/www.vitko.com.tr\/index.php\/wp-json\/wp\/v2\/users\/1"}],"replies":[{"embeddable":true,"href":"https:\/\/www.vitko.com.tr\/index.php\/wp-json\/wp\/v2\/comments?post=1536"}],"version-history":[{"count":11,"href":"https:\/\/www.vitko.com.tr\/index.php\/wp-json\/wp\/v2\/pages\/1536\/revisions"}],"predecessor-version":[{"id":3046,"href":"https:\/\/www.vitko.com.tr\/index.php\/wp-json\/wp\/v2\/pages\/1536\/revisions\/3046"}],"wp:attachment":[{"href":"https:\/\/www.vitko.com.tr\/index.php\/wp-json\/wp\/v2\/media?parent=1536"}],"curies":[{"name":"wp","href":"https:\/\/api.w.org\/{rel}","templated":true}]}}