{"id":1086,"date":"2013-03-15T18:21:12","date_gmt":"2013-03-15T23:21:12","guid":{"rendered":"http:\/\/wptest.io\/demo\/?page_id=1086"},"modified":"2024-08-10T21:42:58","modified_gmt":"2024-08-10T21:42:58","slug":"kurumsal","status":"publish","type":"page","link":"https:\/\/www.vitko.com.tr\/index.php\/kurumsal\/","title":{"rendered":"Kurumsal"},"content":{"rendered":"<div class=\"wpb-content-wrapper\"><p>[vc_row css=&#8221;.vc_custom_1486635938421{padding-top: 80px !important;padding-bottom: 80px !important;}&#8221;][vc_column width=&#8221;1\/2&#8243; el_class=&#8221;fp-about-desc&#8221; css=&#8221;.vc_custom_1479962247750{padding-left: 45px !important;}&#8221;][vc_column_text css=&#8221;.vc_custom_1722638967009{margin-bottom: 30px !important;}&#8221; el_class=&#8221;fp-main-text&#8221;]<\/p>\n<p class=\"main-color\" style=\"line-height: 40px; font-size: 30px; font-weight: 400;\">V\u0130TKO K\u0130MYA SAN VE T\u0130C.LTD.\u015eT\u0130 1990 YILINDA KURULMU\u015eTUR<\/p>\n<p>[\/vc_column_text][vc_column_text css=&#8221;.vc_custom_1723326082417{margin-bottom: 20px !important;}&#8221;]<\/p>\n<p style=\"text-align: left;\">V\u0130TKO K\u0130MYA SAN VE T\u0130C.LTD.\u015eT\u0130 35 YILLIK K\u00d6KL\u00dc GE\u00c7M\u0130\u015e\u0130YLE SEKT\u00d6RDE L\u0130DER B\u0130R KURULU\u015eTUR \u0130STANBUL \u00dcMRAN\u0130YEDEK\u0130 FABR\u0130KASINDA TARIM MAK\u0130NALARI,OTOMOT\u0130V,HAVALANDIRMA,ELEKTR\u0130K SANAY\u0130 V.B SEKT\u00d6RLERE KAU\u00c7UK,EPDM,NBR,NEOEPREN,S\u0130L\u0130KON, V\u0130TON V.B ELASTOMERLERDEN KAL\u0130TEL\u0130 VE T\u0130T\u0130Z \u0130MALAT YAPIMINI S\u00dcRD\u00dcRMEKTED\u0130R.<\/p>\n<p>[\/vc_column_text][\/vc_column][vc_column width=&#8221;1\/2&#8243; el_class=&#8221;top-spacing&#8221;][vc_video link=&#8221;&#8221; css=&#8221;&#8221;][\/vc_column][\/vc_row][vc_row css=&#8221;.vc_custom_1478074676155{padding-top: 75px !important;padding-bottom: 50px !important;}&#8221;][vc_column width=&#8221;1\/2&#8243;]<div class=\"fp-section-title clearfix  \">\n                <h2>Misyonumuz<\/h2>\n                \n            <\/div>[vc_column_text css=&#8221;.vc_custom_1723326165767{margin-bottom: 25px !important;}&#8221;]M\u00fc\u015fterilerimizin beklentilerini a\u015fan kalite anlay\u0131\u015f\u0131na odaklanm\u0131\u015f y\u00f6netici ve \u00e7al\u0131\u015fanlar\u0131m\u0131z ile birlikte; kaynaklar\u0131m\u0131z\u0131 etkin kullanarak,s\u00fcrekli \u00f6\u011frenip ,geli\u015ferek,etkile\u015fim halinde bulundu\u011fumuz m\u00fc\u015fterilerimizin beklentilerini dengeleyerek ,her kesime pozitif katk\u0131da bulunmak.[\/vc_column_text][\/vc_column][vc_column width=&#8221;1\/2&#8243; el_class=&#8221;top-spacing&#8221;]<div class=\"fp-section-title clearfix  \">\n                <h2>www.vitko.com.tr<\/h2>\n                \n            <\/div>[vc_column_text css=&#8221;.vc_custom_1723326153511{margin-bottom: 30px !important;}&#8221;]<\/p>\n<p class=\"main-color\" style=\"margin-top: -7px; font-size: 18px; font-family: 'Lato', sans-serif;\"><strong>KAL\u0130TE POL\u0130T\u0130KAMIZ<\/strong><\/p>\n<p class=\"main-color\" style=\"margin-top: -7px; font-size: 18px; font-family: 'Lato', sans-serif;\">m\u00fc\u015fteri memnuniyetini \u00f6n planda tutmak s\u00fcre\u00e7 odakl\u0131 y\u00f6netim anlay\u0131\u015f\u0131n\u0131 benimseyerek her alanda verimlili\u011fi sa\u011flamak \u00fcr\u00fcn ve hizmet kaliteisni s\u00fcrekli iyile\u015ftirmek. T\u00fcm \u00e7al\u0131\u015fanlar\u0131n kalite y\u00f6netim sisteminin geli\u015fmesine kat\u0131l\u0131m\u0131n\u0131 sa\u011flamak topluma ve \u00e7evreye sayg\u0131l\u0131 olmak.<\/p>\n<p>[\/vc_column_text][\/vc_column][\/vc_row][vc_row enable_parallax=&#8221;yes&#8221; css=&#8221;.vc_custom_1580716973138{padding-top: 80px !important;padding-bottom: 50px !important;background-image: url(http:\/\/demo2.steelthemes.com\/factoryplus\/wp-content\/uploads\/sites\/4\/2020\/02\/parallax-hp4.jpg?id=2791) !important;}&#8221;][vc_column offset=&#8221;vc_col-lg-4 vc_col-md-4&#8243;]<div class=\"fp-section-title clearfix   light-skin\">\n                <h2>Teklif \u0130steyin<\/h2>\n                \n            <\/div>[vc_row_inner css=&#8221;.vc_custom_1478594960626{padding-bottom: 5px !important;}&#8221;][vc_column_inner]<div class=\"fp-icon-box-2 icon-center light-version \">\n\t\t\t\t <span class=\"fp-icon\"><i class=\"factory-wrench\"><\/i><\/span>\n                 <h4>Formu Doldurun<\/h4>\n                <div class=\"sub-title\"><\/div>\n                <div class=\"desc\"><p>Ekibimiz en k\u0131sa s\u00fcre i\u00e7erisinde sizinle ileti\u015fime ge\u00e7ecektir<\/p>\n<\/div>\n            <\/div>[\/vc_column_inner][\/vc_row_inner][vc_row_inner css=&#8221;.vc_custom_1478594954793{padding-bottom: 5px !important;}&#8221;][vc_column_inner]<div class=\"fp-icon-box-2 icon-center light-version \">\n\t\t\t\t <span class=\"fp-icon\"><i class=\"factory-mechanic\"><\/i><\/span>\n                 <h4>0 533 747 54 28<\/h4>\n                <div class=\"sub-title\"><\/div>\n                <div class=\"desc\"><p>\u0130leti\u015fim i\u00e7in<\/p>\n<\/div>\n            <\/div>[\/vc_column_inner][\/vc_row_inner][vc_row_inner][vc_column_inner]<div class=\"fp-icon-box-2 icon-center light-version \">\n\t\t\t\t <span class=\"fp-icon\"><i class=\"factory-tool\"><\/i><\/span>\n                 <h4>Uzman Ekibimiz<\/h4>\n                <div class=\"sub-title\"><\/div>\n                <div class=\"desc\"><p>info@vitko.com.tr<\/p>\n<\/div>\n            <\/div>[\/vc_column_inner][\/vc_row_inner][\/vc_column][vc_column width=&#8221;1\/3&#8243;]\n<div class=\"wpcf7 no-js\" id=\"wpcf7-f1512-o1\" lang=\"en-US\" dir=\"ltr\" data-wpcf7-id=\"1512\">\n<div class=\"screen-reader-response\"><p role=\"status\" aria-live=\"polite\" aria-atomic=\"true\"><\/p> <ul><\/ul><\/div>\n<form action=\"\/index.php\/wp-json\/wp\/v2\/pages\/1086#wpcf7-f1512-o1\" method=\"post\" class=\"wpcf7-form init\" aria-label=\"Contact form\" novalidate=\"novalidate\" data-status=\"init\">\n<div style=\"display: none;\">\n<input type=\"hidden\" name=\"_wpcf7\" value=\"1512\" \/>\n<input type=\"hidden\" name=\"_wpcf7_version\" value=\"6.0.6\" \/>\n<input type=\"hidden\" name=\"_wpcf7_locale\" value=\"en_US\" \/>\n<input type=\"hidden\" name=\"_wpcf7_unit_tag\" value=\"wpcf7-f1512-o1\" \/>\n<input type=\"hidden\" name=\"_wpcf7_container_post\" value=\"0\" \/>\n<input type=\"hidden\" name=\"_wpcf7_posted_data_hash\" value=\"\" \/>\n<\/div>\n<div class=\"fp-form fp-form-404\">\n\t<p class=\"field\"><span class=\"wpcf7-form-control-wrap\" data-name=\"your-name\"><input size=\"40\" maxlength=\"400\" class=\"wpcf7-form-control wpcf7-text wpcf7-validates-as-required\" aria-required=\"true\" aria-invalid=\"false\" placeholder=\"Ad\u0131n\u0131z*\" value=\"\" type=\"text\" name=\"your-name\" \/><\/span>\n\t<\/p>\n\t<p class=\"field\"><span class=\"wpcf7-form-control-wrap\" data-name=\"your-phone\"><input size=\"40\" maxlength=\"400\" class=\"wpcf7-form-control wpcf7-text wpcf7-validates-as-required\" aria-required=\"true\" aria-invalid=\"false\" placeholder=\"Telefon*\" value=\"\" type=\"text\" name=\"your-phone\" \/><\/span>\n\t<\/p>\n\t<p class=\"field\"><span class=\"wpcf7-form-control-wrap\" data-name=\"menu-916\"><select class=\"wpcf7-form-control wpcf7-select\" aria-invalid=\"false\" name=\"menu-916\"><option value=\"Hizmetinizi Se\u00e7in\">Hizmetinizi Se\u00e7in<\/option><option value=\"Petrol ve Gaz\">Petrol ve Gaz<\/option><option value=\"Malzeme M\u00fchendisli\u011fi\">Malzeme M\u00fchendisli\u011fi<\/option><option value=\"Kimyasal Ara\u015ft\u0131rma\">Kimyasal Ara\u015ft\u0131rma<\/option><option value=\"Tar\u0131m \u0130\u015fleme\">Tar\u0131m \u0130\u015fleme<\/option><option value=\"Makine M\u00fchendisli\u011fi\">Makine M\u00fchendisli\u011fi<\/option><option value=\"G\u00fc\u00e7 ve Enerji\">G\u00fc\u00e7 ve Enerji<\/option><\/select><\/span>\n\t<\/p>\n\t<p class=\"field\"><span class=\"wpcf7-form-control-wrap\" data-name=\"your-message\"><textarea cols=\"40\" rows=\"10\" maxlength=\"2000\" class=\"wpcf7-form-control wpcf7-textarea\" aria-invalid=\"false\" placeholder=\"Di\u011fer Gereksinimler...\" name=\"your-message\"><\/textarea><\/span>\n\t<\/p>\n\t<p class=\"field submit\"><input class=\"wpcf7-form-control wpcf7-submit has-spinner fp-btn\" type=\"submit\" value=\"Teklif Al\" \/>\n\t<\/p>\n<\/div><div class=\"wpcf7-response-output\" aria-hidden=\"true\"><\/div>\n<\/form>\n<\/div>\n[\/vc_column][vc_column offset=&#8221;vc_col-lg-4 vc_col-md-4&#8243;]<div class=\"fp-section-title clearfix   light-skin\">\n                <h2>Testimonials<\/h2>\n                \n            <\/div><div class=\"fp-testimonials-2  style-2\">\n\t\t\t\t<div class=\"testi-list\" id=\"testimonial2-slider-69e2246322dc7\">\n\t\t\t\t<div class=\"testi-item\">\n\t\t\t\t\t<div class=\"testi-des\">\n\t\t\t\t\t\t\n\t\t\t\t\t\t\u00dcr\u00fcnleriniz ger\u00e7ekten y\u00fcksek kaliteli ve h\u0131zl\u0131 teslimat\u0131n\u0131z sayesinde projelerimizi sorunsuz tamamlad\u0131k. Te\u015fekk\u00fcrler!\"\n\t\t\t\t\t\t<i class=\"factory-text\"><\/i>\n\t\t\t\t\t<\/div>\n\t\t\t\t\t<div class=\"testi-info clearfix\">\n                        \n                        <h4 class=\"testi-name\">Ali Y.<\/h4>\n                        \n\t\t\t\t\t<\/div>\n                <\/div>\n\t\t\t\t<div class=\"testi-item\">\n\t\t\t\t\t<div class=\"testi-des\">\n\t\t\t\t\t\t\n\t\t\t\t\t\t\u00a0\"M\u00fc\u015fteri hizmetleriniz \u00e7ok ilgili ve \u00e7\u00f6z\u00fcm odakl\u0131. \u00dcr\u00fcnlerinizin \u00e7e\u015fitlili\u011fi ve kalitesi harika!\"\n\t\t\t\t\t\t<i class=\"factory-text\"><\/i>\n\t\t\t\t\t<\/div>\n\t\t\t\t\t<div class=\"testi-info clearfix\">\n                        \n                        <h4 class=\"testi-name\">Ay\u015fe K.<\/h4>\n                        \n\t\t\t\t\t<\/div>\n                <\/div>\n\t\t\t\t<div class=\"testi-item\">\n\t\t\t\t\t<div class=\"testi-des\">\n\t\t\t\t\t\t\n\t\t\t\t\t\t\u00a0\"Y\u0131llard\u0131r bu firma ile \u00e7al\u0131\u015f\u0131yorum ve her seferinde beklentilerimin \u00fczerinde hizmet ald\u0131m. Kesinlikle tavsiye ederim!\"\n\t\t\t\t\t\t<i class=\"factory-text\"><\/i>\n\t\t\t\t\t<\/div>\n\t\t\t\t\t<div class=\"testi-info clearfix\">\n                        \n                        <h4 class=\"testi-name\">Mehmet T.<\/h4>\n                        \n\t\t\t\t\t<\/div>\n                <\/div><\/div>\n\t\t\t<\/div>[\/vc_column][\/vc_row]<\/p>\n<\/div>","protected":false},"excerpt":{"rendered":"<p>[vc_row css=&#8221;.vc_custom_1486635938421{padding-top: 80px !important;padding-bottom: 80px !important;}&#8221;][vc_column width=&#8221;1\/2&#8243; el_class=&#8221;fp-about-desc&#8221; css=&#8221;.vc_custom_1479962247750{padding-left: 45px !important;}&#8221;][vc_column_text css=&#8221;.vc_custom_1722638967009{margin-bottom: 30px !important;}&#8221; el_class=&#8221;fp-main-text&#8221;] V\u0130TKO K\u0130MYA SAN VE T\u0130C.LTD.\u015eT\u0130 1990 YILINDA KURULMU\u015eTUR [\/vc_column_text][vc_column_text css=&#8221;.vc_custom_1723326082417{margin-bottom: 20px !important;}&#8221;] V\u0130TKO K\u0130MYA SAN&hellip;<\/p>\n","protected":false},"author":1,"featured_media":0,"parent":0,"menu_order":0,"comment_status":"open","ping_status":"open","template":"template-fullwidth.php","meta":{"_joinchat":[],"footnotes":""},"class_list":["post-1086","page","type-page","status-publish","hentry","no-thumb"],"_links":{"self":[{"href":"https:\/\/www.vitko.com.tr\/index.php\/wp-json\/wp\/v2\/pages\/1086"}],"collection":[{"href":"https:\/\/www.vitko.com.tr\/index.php\/wp-json\/wp\/v2\/pages"}],"about":[{"href":"https:\/\/www.vitko.com.tr\/index.php\/wp-json\/wp\/v2\/types\/page"}],"author":[{"embeddable":true,"href":"https:\/\/www.vitko.com.tr\/index.php\/wp-json\/wp\/v2\/users\/1"}],"replies":[{"embeddable":true,"href":"https:\/\/www.vitko.com.tr\/index.php\/wp-json\/wp\/v2\/comments?post=1086"}],"version-history":[{"count":7,"href":"https:\/\/www.vitko.com.tr\/index.php\/wp-json\/wp\/v2\/pages\/1086\/revisions"}],"predecessor-version":[{"id":3239,"href":"https:\/\/www.vitko.com.tr\/index.php\/wp-json\/wp\/v2\/pages\/1086\/revisions\/3239"}],"wp:attachment":[{"href":"https:\/\/www.vitko.com.tr\/index.php\/wp-json\/wp\/v2\/media?parent=1086"}],"curies":[{"name":"wp","href":"https:\/\/api.w.org\/{rel}","templated":true}]}}